{"id":697,"date":"2014-03-28T03:15:41","date_gmt":"2014-03-28T09:15:41","guid":{"rendered":"http:\/\/artekcr.com\/roque2\/?page_id=697"},"modified":"2014-06-05T11:13:24","modified_gmt":"2014-06-05T17:13:24","slug":"servicios","status":"publish","type":"page","link":"https:\/\/showmarketingcr.com\/?page_id=697","title":{"rendered":"Servicios"},"content":{"rendered":"<p>&nbsp;<\/p>\n<p><img loading=\"lazy\" decoding=\"async\" width=\"1004\" height=\"178\" class=\"alignnone  wp-image-1142\" alt=\"b\" src=\"http:\/\/showmarketingcr.com\/wp-content\/uploads\/2014\/03\/b.jpg\" srcset=\"https:\/\/showmarketingcr.com\/wp-content\/uploads\/2014\/03\/b.jpg 1004w, https:\/\/showmarketingcr.com\/wp-content\/uploads\/2014\/03\/b-150x26.jpg 150w, https:\/\/showmarketingcr.com\/wp-content\/uploads\/2014\/03\/b-300x53.jpg 300w\" sizes=\"(max-width: 1004px) 100vw, 1004px\" \/><\/p>\n<p><strong>NUESTROS SERVICIOS:<\/strong><\/p>\n<div dir=\"LTR\" id=\"post-105\">\n<ul>\n<li><strong>Animaci\u00f3n de eventos sociales familiares (privados)<\/strong>:<\/li>\n<\/ul>\n<p>Bodas; T\u00e9s de canastilla; Despedida de Solteros (as); Celebraciones de cumplea\u00f1os; Aniversarios de matrimonio; T\u00e9s de Cocina, entre otros.<\/p>\n<p>&nbsp;<\/p>\n<ul>\n<li><strong>Animaci\u00f3n de eventos corporativos (privados):<\/strong><\/li>\n<\/ul>\n<p>Lanzamiento de productos; Asambleas Generales; Reuniones de Fuerza de Ventas; Motivaci\u00f3n del Personal; Campa\u00f1as Internas; Activaciones de Marca; Eventos de Motivaci\u00f3n; Fiestas Corporativas; entre otros.<\/p>\n<p>&nbsp;<\/p>\n<ul>\n<li><strong>Campa\u00f1as Publicitarias:<\/strong><\/li>\n<\/ul>\n<p>Uso de imagen de alg\u00fan personaje a efecto de posicionar la marca del cliente en el nicho de mercado donde se desarrolla; incluye, anuncios, material POP, activaciones, promociones en redes sociales, etc.<\/p>\n<p>&nbsp;<\/p>\n<ul>\n<li><strong>Otros Servicios:<\/strong><\/li>\n<\/ul>\n<p>&nbsp;<\/p>\n<p>-Creaci\u00f3n de personajes, seg\u00fan la necesidad del cliente.<\/p>\n<p>&nbsp;<\/p>\n<p>-Organizaci\u00f3n y Producci\u00f3n de Eventos y Espect\u00e1culos.<\/p>\n<p>&nbsp;<\/p>\n<p>-Animaci\u00f3n de Eventos P\u00fablicos.<\/p>\n<p>&nbsp;<\/p>\n<p>-Asesor\u00eda en mercadeo y publicidad.<\/p>\n<div dir=\"LTR\" id=\"comments\">\n<p>&nbsp;<\/p>\n<\/div>\n<\/div>\n<p>&nbsp;<\/p>\n","protected":false},"excerpt":{"rendered":"<p>&nbsp; NUESTROS SERVICIOS: Animaci\u00f3n de eventos sociales familiares (privados): Bodas; T\u00e9s de canastilla; Despedida de Solteros (as); Celebraciones de cumplea\u00f1os; Aniversarios de matrimonio; T\u00e9s de Cocina, entre otros. &nbsp; Animaci\u00f3n de eventos corporativos (privados): Lanzamiento de productos; Asambleas Generales; Reuniones de Fuerza de Ventas; Motivaci\u00f3n del Personal; Campa\u00f1as Internas; Activaciones de Marca; Eventos de Motivaci\u00f3n; [&hellip;]<\/p>\n","protected":false},"author":1,"featured_media":0,"parent":0,"menu_order":0,"comment_status":"closed","ping_status":"closed","template":"","meta":{"footnotes":""},"_links":{"self":[{"href":"https:\/\/showmarketingcr.com\/index.php?rest_route=\/wp\/v2\/pages\/697"}],"collection":[{"href":"https:\/\/showmarketingcr.com\/index.php?rest_route=\/wp\/v2\/pages"}],"about":[{"href":"https:\/\/showmarketingcr.com\/index.php?rest_route=\/wp\/v2\/types\/page"}],"author":[{"embeddable":true,"href":"https:\/\/showmarketingcr.com\/index.php?rest_route=\/wp\/v2\/users\/1"}],"replies":[{"embeddable":true,"href":"https:\/\/showmarketingcr.com\/index.php?rest_route=%2Fwp%2Fv2%2Fcomments&post=697"}],"version-history":[{"count":5,"href":"https:\/\/showmarketingcr.com\/index.php?rest_route=\/wp\/v2\/pages\/697\/revisions"}],"predecessor-version":[{"id":1221,"href":"https:\/\/showmarketingcr.com\/index.php?rest_route=\/wp\/v2\/pages\/697\/revisions\/1221"}],"wp:attachment":[{"href":"https:\/\/showmarketingcr.com\/index.php?rest_route=%2Fwp%2Fv2%2Fmedia&parent=697"}],"curies":[{"name":"wp","href":"https:\/\/api.w.org\/{rel}","templated":true}]}}