{"id":694,"date":"2014-03-28T03:10:17","date_gmt":"2014-03-28T03:10:17","guid":{"rendered":"http:\/\/artekcr.com\/roque2\/?page_id=694"},"modified":"2014-06-04T20:10:32","modified_gmt":"2014-06-05T02:10:32","slug":"quienes-somos","status":"publish","type":"page","link":"https:\/\/showmarketingcr.com\/?page_id=694","title":{"rendered":"\u00bfQuienes Somos?"},"content":{"rendered":"<p>&nbsp;<\/p>\n<p><img loading=\"lazy\" decoding=\"async\" width=\"1004\" height=\"178\" class=\"alignnone  wp-image-1137\" alt=\"a\" src=\"http:\/\/showmarketingcr.com\/wp-content\/uploads\/2014\/03\/a.jpg\" srcset=\"https:\/\/showmarketingcr.com\/wp-content\/uploads\/2014\/03\/a.jpg 1004w, https:\/\/showmarketingcr.com\/wp-content\/uploads\/2014\/03\/a-150x26.jpg 150w, https:\/\/showmarketingcr.com\/wp-content\/uploads\/2014\/03\/a-300x53.jpg 300w\" sizes=\"(max-width: 1004px) 100vw, 1004px\" \/><\/p>\n<p>&nbsp;<\/p>\n<p><strong>MISI\u00d3N:<\/strong><\/p>\n<p align=\"JUSTIFY\">Show Marketing representa artistas que brindan entretenimiento sano, de calidad, para la animaci\u00f3n de actividades p\u00fablicas y privadas; tambi\u00e9n nos dedicamos a organizar y producir eventos y espect\u00e1culos con creatividad y originalidad a fin de satisfacer las necesidades, expectativas y objetivos de nuestros clientes. Nuestro compromiso es que cada evento quede plasmado para siempre en la memoria de todas las personas a quienes gustosamente servimos.<\/p>\n<p align=\"JUSTIFY\"><strong>VISI\u00d3N:<\/strong><\/p>\n<p>Ser una empresa en crecimiento constante, que re\u00fane un equipo de trabajo con experiencia y compromiso para garantizar altos est\u00e1ndares de calidad en el servicio que brinda, de esta manera, consolidarnos y ser reconocidos por el profesionalismo, la creatividad, la transparencia, la puntualidad, la espiritualidad y la innovaci\u00f3n constante; logrando as\u00ed, posicionar a Show Marketing como empresa l\u00edder en la organizaci\u00f3n de espect\u00e1culos y eventos a nivel nacional con proyecci\u00f3n internacional.<\/p>\n<p align=\"JUSTIFY\"><strong>OBJETIVO GENERAL:<\/strong><\/p>\n<p>Consolidar la empresa y a sus socios comerciales, para alcanzar posicionamiento y ocupar un espacio de preferencia en el mundo del espect\u00e1culo.<\/p>\n<p><strong>NUESTROS VALORES:<\/strong><\/p>\n<ul>\n<li>\n<p align=\"JUSTIFY\">\u00a0Espiritualidad: Es la necesidad consciente de Dios en cada momento de nuestra vida, en nuestros quehaceres y en la relaci\u00f3n con el pr\u00f3jimo.<\/p>\n<\/li>\n<\/ul>\n<ul>\n<li>\n<p align=\"JUSTIFY\">\u00a0Respeto: Es valorar, tolerar y aceptar a todas las personas con quienes nos relacionamos.<\/p>\n<\/li>\n<\/ul>\n<ul>\n<li>\n<p align=\"JUSTIFY\">\u00a0Profesionalismo: Es la convicci\u00f3n de que el equipo de trabajo busca siempre la excelencia en lo que hace y la mejora continua en la calidad de su performance.<\/p>\n<\/li>\n<\/ul>\n<ul>\n<li>\n<p align=\"JUSTIFY\">Transparencia: Es la congruencia entre lo que se piensa y lo que se hace, implica, honradez, rectitud e integridad.<\/p>\n<\/li>\n<\/ul>\n<ul>\n<li>\n<p align=\"JUSTIFY\">Creatividad: Es un don que todos tenemos y debemos explotar, es amar y apasionarnos por lo que hacemos, solo as\u00ed se alcanzar\u00e1 la efectividad, eficiencia y rentabilidad.<\/p>\n<\/li>\n<\/ul>\n<ul>\n<li>\n<p align=\"JUSTIFY\">Puntualidad: Es la disciplina de estar a tiempo para cumplir con nuestros compromisos.<\/p>\n<\/li>\n<\/ul>\n<ul>\n<li>\n<p align=\"JUSTIFY\">Innovaci\u00f3n: Implica renovar y reinventarse continuamente.<\/p>\n<\/li>\n<\/ul>\n","protected":false},"excerpt":{"rendered":"<p>&nbsp; &nbsp; MISI\u00d3N: Show Marketing representa artistas que brindan entretenimiento sano, de calidad, para la animaci\u00f3n de actividades p\u00fablicas y privadas; tambi\u00e9n nos dedicamos a organizar y producir eventos y espect\u00e1culos con creatividad y originalidad a fin de satisfacer las necesidades, expectativas y objetivos de nuestros clientes. Nuestro compromiso es que cada evento quede plasmado [&hellip;]<\/p>\n","protected":false},"author":1,"featured_media":0,"parent":0,"menu_order":0,"comment_status":"closed","ping_status":"closed","template":"","meta":{"footnotes":""},"_links":{"self":[{"href":"https:\/\/showmarketingcr.com\/index.php?rest_route=\/wp\/v2\/pages\/694"}],"collection":[{"href":"https:\/\/showmarketingcr.com\/index.php?rest_route=\/wp\/v2\/pages"}],"about":[{"href":"https:\/\/showmarketingcr.com\/index.php?rest_route=\/wp\/v2\/types\/page"}],"author":[{"embeddable":true,"href":"https:\/\/showmarketingcr.com\/index.php?rest_route=\/wp\/v2\/users\/1"}],"replies":[{"embeddable":true,"href":"https:\/\/showmarketingcr.com\/index.php?rest_route=%2Fwp%2Fv2%2Fcomments&post=694"}],"version-history":[{"count":10,"href":"https:\/\/showmarketingcr.com\/index.php?rest_route=\/wp\/v2\/pages\/694\/revisions"}],"predecessor-version":[{"id":1220,"href":"https:\/\/showmarketingcr.com\/index.php?rest_route=\/wp\/v2\/pages\/694\/revisions\/1220"}],"wp:attachment":[{"href":"https:\/\/showmarketingcr.com\/index.php?rest_route=%2Fwp%2Fv2%2Fmedia&parent=694"}],"curies":[{"name":"wp","href":"https:\/\/api.w.org\/{rel}","templated":true}]}}